{"id":11531,"date":"2015-12-07T16:16:43","date_gmt":"2015-12-07T14:16:43","guid":{"rendered":"https:\/\/www.power-e-bike.fr\/blog\/?page_id=11531"},"modified":"2015-12-07T16:16:43","modified_gmt":"2015-12-07T14:16:43","slug":"comment-choisir-son-kit-de-conversion-vae","status":"publish","type":"page","link":"https:\/\/www.power-e-bike.fr\/blog\/comment-choisir-son-kit-de-conversion-vae\/","title":{"rendered":"Comment choisir son kit de conversion VAE"},"content":{"rendered":"<h1 class=\"western\">Comment choisir son kit de conversion\u00a0?<\/h1>\n<p>&nbsp;<\/p>\n<p><span style=\"font-family: Arial,serif;\"><span style=\"font-size: medium;\">Les kits de conversion sont utilis\u00e9s pour \u00ab convertir \u00bb un v\u00e9lo classique en un <\/span><\/span><span style=\"font-family: Arial,serif;\"><span style=\"font-size: medium;\"><b>v\u00e9lo \u00e0 assistance \u00e9lectrique<\/b><\/span><\/span><span style=\"font-family: Arial,serif;\"><span style=\"font-size: medium;\">. Si vous \u00eates en possession d&rsquo;un v\u00e9lo de qualit\u00e9, vous pouvez le modifier \/ convertir pour l\u2019utiliser comme un <\/span><\/span><span style=\"font-family: Arial,serif;\"><span style=\"font-size: medium;\"><b>v\u00e9lo \u00e9lectrique<\/b><\/span><\/span><span style=\"font-family: Arial,serif;\"><span style=\"font-size: medium;\">. Certes, acheter un kit de conversion vous fait \u00e9conomiser de l\u2019argent mais il faut bien le choisir. <\/span><\/span><\/p>\n<p>&nbsp;<\/p>\n<h2 class=\"western\"><span style=\"font-family: Arial,serif;\"><span style=\"font-size: large;\">Les bons r\u00e9flexes pour bien choisir son kit de conversion <\/span><\/span><\/h2>\n<p>&nbsp;<\/p>\n<p>&nbsp;<\/p>\n<p><span style=\"font-family: Arial,serif;\"><span style=\"font-size: medium;\">Avant de choisir ou d&rsquo;acheter un <\/span><\/span><a href=\"https:\/\/www.power-e-bike.fr\/fr\/kit-de-conversion-velo-electrique\"><span style=\"font-family: Arial,serif;\"><span style=\"font-size: medium;\"><b>kit de conversion<\/b><\/span><\/span><\/a><span style=\"font-family: Arial,serif;\"><span style=\"font-size: medium;\"> pour votre v\u00e9lo, il faut : <\/span><\/span><\/p>\n<p>&nbsp;<\/p>\n<ul>\n<li><a target=\"_blank\" name=\"_GoBack\" rel=\"noopener noreferrer\"><\/a> <span style=\"font-family: Arial,serif;\"><span style=\"font-size: medium;\">Vous assurer que le kit est adapt\u00e9 \u00e0 votre v\u00e9lo : il faut savoir que les <\/span><\/span><span style=\"font-family: Arial,serif;\"><span style=\"font-size: medium;\"><b>kits<\/b><\/span><\/span><span style=\"font-family: Arial,serif;\"><span style=\"font-size: medium;\"> demandent de l&rsquo;espace. Ainsi, avant de l\u2019acheter, pensez \u00e0 prendre les mesures du bo\u00eetier du p\u00e9dalier de votre v\u00e9lo. <\/span><\/span><\/li>\n<li><span style=\"font-family: Arial,serif;\"><span style=\"font-size: medium;\">V\u00e9rifier que votre v\u00e9lo peut supporter le poids des composants du kit, notamment celui du moteur et de la batterie<\/span><\/span><\/li>\n<li><span style=\"font-family: Arial,serif;\"><span style=\"font-size: medium;\">Opter pour des composants de qualit\u00e9 : moteur, <a href=\"https:\/\/www.power-e-bike.fr\/fr\/batterie-velo-electrique\">batterie<\/a>, <a href=\"https:\/\/www.power-e-bike.fr\/fr\/wholesale\/capteur-de-pedalage.html\">capteur de p\u00e9dalage<\/a>, panneau de commande, c\u00e2bles, vis et tous les <a href=\"https:\/\/www.power-e-bike.fr\/fr\/accessoires-velo-electrique\">accessoires n\u00e9cessaires<\/a> doivent \u00eatre de bonne qualit\u00e9.<\/span><\/span><\/li>\n<\/ul>\n<p>&nbsp;<\/p>\n<h2 class=\"western\"><span style=\"font-family: Arial,serif;\"><span style=\"font-size: large;\">Moteur \u00e9lectrique : choisir le bon \u00e9quipement<\/span><\/span><\/h2>\n<p>&nbsp;<\/p>\n<p><span style=\"font-family: Arial,serif;\"><span style=\"font-size: medium;\">Quand on d\u00e9cide de <\/span><\/span><span style=\"font-family: Arial,serif;\"><span style=\"font-size: medium;\"><b>convertir un v\u00e9lo<\/b><\/span><\/span><span style=\"font-family: Arial,serif;\"><span style=\"font-size: medium;\"> classique en un <\/span><\/span><span style=\"font-family: Arial,serif;\"><span style=\"font-size: medium;\"><b>v\u00e9lo \u00e0 Assistance Electrique<\/b><\/span><\/span><span style=\"font-family: Arial,serif;\"><span style=\"font-size: medium;\">, on se demande en premier lieu : O\u00f9 sera plac\u00e9 le moteur ? <\/span><\/span><\/p>\n<p><span style=\"font-family: Arial,serif;\"><span style=\"font-size: medium;\">Le <\/span><\/span><span style=\"font-family: Arial,serif;\"><span style=\"font-size: medium;\"><b>kit moteur <\/b><\/span><\/span><span style=\"font-family: Arial,serif;\"><span style=\"font-size: medium;\">d&rsquo;un v\u00e9lo \u00e9lectrique peut avoir deux emplacements : <\/span><\/span><\/p>\n<p>&nbsp;<\/p>\n<ul>\n<li><span style=\"font-family: Arial,serif;\"><span style=\"font-size: medium;\">A l\u2019avant : les moteurs \u00e9lectriques plac\u00e9s \u00e0 l\u2019avant ne sont g\u00e9n\u00e9ralement pas assez puissants. Cet emplacement est utilis\u00e9 pur une assistance \u00e9lectrique plus ou moins l\u00e9g\u00e8re et de taille r\u00e9duite. <\/span><\/span><\/li>\n<\/ul>\n<p><span style=\"font-family: Arial,serif;\"><span style=\"font-size: medium;\">Un <\/span><\/span><span style=\"font-family: Arial,serif;\"><span style=\"font-size: medium;\"><b>kit moteur pour v\u00e9lo \u00e9lectrique<\/b><\/span><\/span><span style=\"font-family: Arial,serif;\"><span style=\"font-size: medium;\"> plac\u00e9 \u00e0 l\u2019avant a une puissance inf\u00e9rieure \u00e0 500W<\/span><\/span><\/p>\n<p>&nbsp;<\/p>\n<ul>\n<li><span style=\"font-family: Arial,serif;\"><span style=\"font-size: medium;\">A l\u2019arri\u00e8re : quand le kit moteur est plac\u00e9 \u00e0 l&rsquo;arri\u00e8re, il garantit une meilleure puissance du couple, ce qui permet \u00e0 son utilisateur d&rsquo;effectuer de longs trajets. <\/span><\/span><\/li>\n<\/ul>\n<p><span style=\"font-family: Arial,serif;\"><span style=\"font-size: medium;\">Un kit moteur \u00e9lectrique plac\u00e9 \u00e0 l\u2019arri\u00e8re garantit une puissance sup\u00e9rieure \u00e0 500W <\/span><\/span><\/p>\n<p>&nbsp;<\/p>\n<p><span style=\"font-family: Arial,serif;\"><span style=\"font-size: medium;\">Il est conseill\u00e9 de faire appel \u00e0 votre m\u00e9canicien pour <\/span><\/span><span style=\"font-family: Arial,serif;\"><span style=\"font-size: medium;\"><b>choisir un kit de conversion<\/b><\/span><\/span><span style=\"font-family: Arial,serif;\"><span style=\"font-size: medium;\"> qui s&rsquo;adapte le plus avec votre v\u00e9lo.<\/span><\/span><\/p>","protected":false},"excerpt":{"rendered":"<p>Comment choisir son kit de conversion\u00a0? &nbsp; Les kits de conversion sont utilis\u00e9s pour \u00ab convertir \u00bb un v\u00e9lo classique en un v\u00e9lo \u00e0 assistance \u00e9lectrique.<span class=\"excerpt-hellip\"> [\u2026]<\/span><\/p>","protected":false},"author":1,"featured_media":0,"parent":0,"menu_order":0,"comment_status":"closed","ping_status":"closed","template":"","meta":{"footnotes":""},"class_list":["post-11531","page","type-page","status-publish","hentry"],"_links":{"self":[{"href":"https:\/\/www.power-e-bike.fr\/blog\/wp-json\/wp\/v2\/pages\/11531","targetHints":{"allow":["GET"]}}],"collection":[{"href":"https:\/\/www.power-e-bike.fr\/blog\/wp-json\/wp\/v2\/pages"}],"about":[{"href":"https:\/\/www.power-e-bike.fr\/blog\/wp-json\/wp\/v2\/types\/page"}],"author":[{"embeddable":true,"href":"https:\/\/www.power-e-bike.fr\/blog\/wp-json\/wp\/v2\/users\/1"}],"replies":[{"embeddable":true,"href":"https:\/\/www.power-e-bike.fr\/blog\/wp-json\/wp\/v2\/comments?post=11531"}],"version-history":[{"count":0,"href":"https:\/\/www.power-e-bike.fr\/blog\/wp-json\/wp\/v2\/pages\/11531\/revisions"}],"wp:attachment":[{"href":"https:\/\/www.power-e-bike.fr\/blog\/wp-json\/wp\/v2\/media?parent=11531"}],"curies":[{"name":"wp","href":"https:\/\/api.w.org\/{rel}","templated":true}]}}